{"id":287,"date":"2021-12-05T00:09:06","date_gmt":"2021-12-05T00:09:06","guid":{"rendered":"https:\/\/kinsley-demo.bslthemes.com\/?page_id=287"},"modified":"2025-06-18T12:15:32","modified_gmt":"2025-06-18T12:15:32","slug":"a-propos","status":"publish","type":"page","link":"https:\/\/suspicious-rhodes.212-227-213-150.plesk.page\/index.php\/a-propos\/","title":{"rendered":"\u00c0 Propos"},"content":{"rendered":"\t\t<div data-elementor-type=\"wp-page\" data-elementor-id=\"287\" class=\"elementor elementor-287\">\n\t\t\t\t\t\t<section class=\"elementor-section elementor-top-section elementor-element elementor-element-bb5256a elementor-section-full_width elementor-section-height-default elementor-section-height-default\" data-id=\"bb5256a\" data-element_type=\"section\" data-e-type=\"section\">\n\t\t\t\t\t\t<div class=\"elementor-container elementor-column-gap-no\">\n\t\t\t\t\t<div class=\"elementor-column elementor-col-100 elementor-top-column elementor-element elementor-element-dec0541\" data-id=\"dec0541\" data-element_type=\"column\" data-e-type=\"column\">\n\t\t\t<div class=\"elementor-widget-wrap elementor-element-populated\">\n\t\t\t\t\t\t<div class=\"elementor-element elementor-element-80e1cce elementor-widget elementor-widget-kinsley-intro\" data-id=\"80e1cce\" data-element_type=\"widget\" data-e-type=\"widget\" data-widget_type=\"kinsley-intro.default\">\n\t\t\t\t<div class=\"elementor-widget-container\">\n\t\t\t\t\t\n    <!-- banner -->\n    <section class=\"knsl-banner-simple knsl-transition-bottom\">\n      \n\t\t\t\t<img decoding=\"async\" src=\"https:\/\/suspicious-rhodes.212-227-213-150.plesk.page\/wp-content\/themes\/kinsley\/assets\/img\/palm.svg\" class=\"knsl-deco-left\" alt=\"palm\" \/>\n\t\t<img decoding=\"async\" src=\"https:\/\/suspicious-rhodes.212-227-213-150.plesk.page\/wp-content\/themes\/kinsley\/assets\/img\/palm.svg\" class=\"knsl-deco-right\" alt=\"palm\" \/>\n\t\t\n\t\n\t  \n      <div class=\"container\">\n        <div class=\"row\">\n          <div class=\"col-lg-12\">\n\n            <div class=\"knsl-center knsl-title-frame\">\n                            <h1 class=\"knsl-title--h knsl-mb-20 knsl-h1-inner\">\n                <span >\n                    \u00c0 Propos                <\/span>\n              <\/h1>\n                            \n              <ul class=\"knsl-breadcrumbs\"><li><a href=\"https:\/\/suspicious-rhodes.212-227-213-150.plesk.page\" title=\"Les Carib\u00e9ennes\">Accueil<\/a><\/li><li class=\"tst-active\"><a><\/a><\/li><\/ul>\n            <\/div>\n\n          <\/div>\n        <\/div>\n      <\/div>\n    <\/section>\n    <!-- banner end -->\n\n\t\t\t\t\t\t<\/div>\n\t\t\t\t<\/div>\n\t\t\t\t\t<\/div>\n\t\t<\/div>\n\t\t\t\t\t<\/div>\n\t\t<\/section>\n\t\t\t\t<section class=\"elementor-section elementor-top-section elementor-element elementor-element-bcacc7c elementor-section-full_width elementor-section-height-default elementor-section-height-default\" data-id=\"bcacc7c\" data-element_type=\"section\" data-e-type=\"section\" data-settings=\"{&quot;background_background&quot;:&quot;classic&quot;}\">\n\t\t\t\t\t\t<div class=\"elementor-container elementor-column-gap-no\">\n\t\t\t\t\t<div class=\"elementor-column elementor-col-100 elementor-top-column elementor-element elementor-element-08937c3\" data-id=\"08937c3\" data-element_type=\"column\" data-e-type=\"column\">\n\t\t\t<div class=\"elementor-widget-wrap elementor-element-populated\">\n\t\t\t\t\t\t<div class=\"elementor-element elementor-element-bf7825a elementor-widget elementor-widget-kinsley-about-quote\" data-id=\"bf7825a\" data-element_type=\"widget\" data-e-type=\"widget\" data-widget_type=\"kinsley-about-quote.default\">\n\t\t\t\t<div class=\"elementor-widget-container\">\n\t\t\t\t\t\n    <!-- quote -->\n    <section class=\"knsl-p-0-100\">\n\n      <div class=\"container\">\n        <div class=\"row\">\n\n          <div class=\"col-lg-12\">\n\n            <div class=\"knsl-quote-with-author\">\n\n              <div class=\"row align-items-center\">\n                <div class=\"col-lg-4\">\n                                    <div class=\"knsl-photo-frame\">\n                    <img decoding=\"async\" src=\"https:\/\/suspicious-rhodes.212-227-213-150.plesk.page\/wp-content\/uploads\/2025\/04\/jay-soundo-iJhMllOPqHE-unsplash-950x1425.jpg\" alt=\"Jeannick\" \/>\n                  <\/div>\n                                  <\/div>\n                <div class=\"col-lg-8\">\n                                    <blockquote>\n                    <span >\n                      Passionn\u00e9e par l\u2019accueil et le partage, je vous ouvre les portes de mes villas pour un s\u00e9jour plac\u00e9 sous le signe du confort et de la tranquillit\u00e9. Que vous veniez pour vous d\u00e9tendre, d\u00e9couvrir la r\u00e9gion ou passer un moment en famille, je serai ravie de vous accompagner et de faire en sorte que votre exp\u00e9rience soit unique.                    <\/span>\n                  <\/blockquote>\n                                    <div class=\"knsl-quote-bottom\">\n                    <div>\n                                            <h4>\n                        <span >\n                  \t\t\t\tJeannick                  \t\t\t<\/span>\n                      <\/h4>\n                                                                  <p>\n                        <span >\n                  \t\t\t\tH\u00f4te                  \t\t\t<\/span>\n                      <\/p>\n                                          <\/div>\n                                      <\/div>\n                <\/div>\n              <\/div>\n            <\/div>\n\n          <\/div>\n\n        <\/div>\n\n      <\/div>\n\n    <\/section>\n    <!-- quote end -->\n\n\t\t\t\t\t\t<\/div>\n\t\t\t\t<\/div>\n\t\t\t\t\t<\/div>\n\t\t<\/div>\n\t\t\t\t\t<\/div>\n\t\t<\/section>\n\t\t\t\t<section class=\"elementor-section elementor-top-section elementor-element elementor-element-63909ac elementor-section-full_width elementor-section-height-default elementor-section-height-default\" data-id=\"63909ac\" data-element_type=\"section\" data-e-type=\"section\" data-settings=\"{&quot;background_background&quot;:&quot;classic&quot;}\">\n\t\t\t\t\t\t<div class=\"elementor-container elementor-column-gap-no\">\n\t\t\t\t\t<div class=\"elementor-column elementor-col-100 elementor-top-column elementor-element elementor-element-2b41df9\" data-id=\"2b41df9\" data-element_type=\"column\" data-e-type=\"column\">\n\t\t\t<div class=\"elementor-widget-wrap elementor-element-populated\">\n\t\t\t\t\t\t<div class=\"elementor-element elementor-element-875b629 elementor-widget elementor-widget-kinsley-about-video\" data-id=\"875b629\" data-element_type=\"widget\" data-e-type=\"widget\" data-widget_type=\"kinsley-about-video.default\">\n\t\t\t\t<div class=\"elementor-widget-container\">\n\t\t\t\t\t\n\t\t<!-- video -->\n    <section class=\"knsl-p-0-100\">\n\n      <div class=\"container\">\n\n        <div class=\"knsl-about-card\">\n          <div class=\"row g-0\">\n            <div class=\"col-lg-6\">\n              <div class=\"knsl-about-text\">\n                <div class=\"knsl-title-frame\">\n\t\t\t\t\t\t\t\t\t                  <h2 class=\"knsl-title--h knsl-mb-20\">\n\t\t\t\t\t\t\t\t\t\t<span >\n\t\t\t\t\t\t\t\t\t\t\tD\u00e9couvrez la ville des Anses D'Arlet\t\t\t\t\t\t\t\t\t\t<\/span>\n\t\t\t\t\t\t\t\t\t<\/h2>\n\t\t\t\t\t\t\t\t\t\t\t\t\t\t\t\t\t\t\t\t\t\t\t\t\t\t\t<div class=\"knsl-text knsl-mb-30\">\n\t\t\t\t\t\t\t\t\t\t<div >\n                      <p class=\"\" data-start=\"685\" data-end=\"898\">\ud83c\udf3a <strong data-start=\"688\" data-end=\"718\">Explorez Les Anses-d\u2019Arlet<\/strong><br data-start=\"718\" data-end=\"721\" \/>Un d\u00e9cor de carte postale, une mer chaude et cristalline, des maisons traditionnelles pleines de charme : laissez-vous s\u00e9duire par l\u2019un des plus beaux villages de la Martinique.<\/p>                    <\/div>\n\t\t\t\t\t\t\t\t\t<\/div>\n\t\t\t\t\t\t\t\t\t\t\t\t\t\t\t\t\t\t                  <a data-magnific-video href=\"https:\/\/www.youtube.com\/watch?v=T9Kedls5d-E\" class=\"knsl-btn knsl-btn-md\">\n\t\t\t\t\t\t\t\t\t\t<span class=\"img-svg img-svg-play knsl-zoom\"><\/span>\n\t\t\t\t\t\t\t\t\t\t<span >\n\t\t\t\t\t\t\t\t\t\t\tVoir la vid\u00e9o\t\t\t\t\t\t\t\t\t\t<\/span>\n\t\t\t\t\t\t\t\t\t<\/a>\n\t\t\t\t\t\t\t\t\t                <\/div>\n              <\/div>\n            <\/div>\n            <div class=\"col-lg-6\">\n              <div class=\"knsl-video-frame\">\n\t\t\t\t\t\t\t\t\t\t\t\t\t\t\t\t<img decoding=\"async\" src=\"https:\/\/suspicious-rhodes.212-227-213-150.plesk.page\/wp-content\/uploads\/2025\/04\/home-cb-1920x1315.jpg\" alt=\"D\u00e9couvrez la ville des Anses D&#039;Arlet\" \/>\n\t\t\t\t\t\t\t\t\t\t\t\t\t\t\t\t                <a data-magnific-video href=\"https:\/\/www.youtube.com\/watch?v=T9Kedls5d-E\" class=\"knsl-play-btn\">\n                  <i class=\"fas fa-play\"><\/i>\n                <\/a>\n\t\t\t\t\t\t\t\t              <\/div>\n            <\/div>\n          <\/div>\n        <\/div>\n      <\/div>\n\n    <\/section>\n    <!-- video end -->\n\n\t\t\t\t\t\t<\/div>\n\t\t\t\t<\/div>\n\t\t\t\t\t<\/div>\n\t\t<\/div>\n\t\t\t\t\t<\/div>\n\t\t<\/section>\n\t\t\t\t<\/div>\n\t\t","protected":false},"excerpt":{"rendered":"<p>\u00c0 Propos Accueil Passionn\u00e9e par l\u2019accueil et le partage, je vous ouvre les portes de mes villas pour un s\u00e9jour&#8230; <span class=\"knsl-el-more\"><a href=\"https:\/\/suspicious-rhodes.212-227-213-150.plesk.page\/index.php\/a-propos\/\" class=\"knsl-btn\">Consulter<span class=\"screen-reader-text\">Consulter&nbsp;\u00c0 Propos<\/span><\/a><\/span><\/p>\n","protected":false},"author":1,"featured_media":0,"parent":0,"menu_order":0,"comment_status":"closed","ping_status":"closed","template":"template-layout-builder.php","meta":{"_acf_changed":false,"_monsterinsights_skip_tracking":false,"_monsterinsights_sitenote_active":false,"_monsterinsights_sitenote_note":"","_monsterinsights_sitenote_category":0,"footnotes":""},"class_list":["post-287","page","type-page","status-publish","hentry"],"acf":[],"aioseo_notices":[],"_links":{"self":[{"href":"https:\/\/suspicious-rhodes.212-227-213-150.plesk.page\/index.php\/wp-json\/wp\/v2\/pages\/287","targetHints":{"allow":["GET"]}}],"collection":[{"href":"https:\/\/suspicious-rhodes.212-227-213-150.plesk.page\/index.php\/wp-json\/wp\/v2\/pages"}],"about":[{"href":"https:\/\/suspicious-rhodes.212-227-213-150.plesk.page\/index.php\/wp-json\/wp\/v2\/types\/page"}],"author":[{"embeddable":true,"href":"https:\/\/suspicious-rhodes.212-227-213-150.plesk.page\/index.php\/wp-json\/wp\/v2\/users\/1"}],"replies":[{"embeddable":true,"href":"https:\/\/suspicious-rhodes.212-227-213-150.plesk.page\/index.php\/wp-json\/wp\/v2\/comments?post=287"}],"version-history":[{"count":49,"href":"https:\/\/suspicious-rhodes.212-227-213-150.plesk.page\/index.php\/wp-json\/wp\/v2\/pages\/287\/revisions"}],"predecessor-version":[{"id":3944,"href":"https:\/\/suspicious-rhodes.212-227-213-150.plesk.page\/index.php\/wp-json\/wp\/v2\/pages\/287\/revisions\/3944"}],"wp:attachment":[{"href":"https:\/\/suspicious-rhodes.212-227-213-150.plesk.page\/index.php\/wp-json\/wp\/v2\/media?parent=287"}],"curies":[{"name":"wp","href":"https:\/\/api.w.org\/{rel}","templated":true}]}}