{"id":688,"date":"2021-12-13T19:08:46","date_gmt":"2021-12-13T19:08:46","guid":{"rendered":"https:\/\/kinsley-demo.bslthemes.com\/?page_id=688"},"modified":"2025-04-27T22:59:58","modified_gmt":"2025-04-27T22:59:58","slug":"faq","status":"publish","type":"page","link":"https:\/\/suspicious-rhodes.212-227-213-150.plesk.page\/index.php\/faq\/","title":{"rendered":"FAQ"},"content":{"rendered":"\t\t<div data-elementor-type=\"wp-page\" data-elementor-id=\"688\" class=\"elementor elementor-688\">\n\t\t\t\t\t\t<section class=\"elementor-section elementor-top-section elementor-element elementor-element-b227ade elementor-section-full_width elementor-section-height-default elementor-section-height-default\" data-id=\"b227ade\" data-element_type=\"section\" data-e-type=\"section\">\n\t\t\t\t\t\t<div class=\"elementor-container elementor-column-gap-no\">\n\t\t\t\t\t<div class=\"elementor-column elementor-col-100 elementor-top-column elementor-element elementor-element-72ef981\" data-id=\"72ef981\" data-element_type=\"column\" data-e-type=\"column\">\n\t\t\t<div class=\"elementor-widget-wrap elementor-element-populated\">\n\t\t\t\t\t\t<div class=\"elementor-element elementor-element-63d7c74 elementor-widget elementor-widget-kinsley-intro\" data-id=\"63d7c74\" data-element_type=\"widget\" data-e-type=\"widget\" data-widget_type=\"kinsley-intro.default\">\n\t\t\t\t<div class=\"elementor-widget-container\">\n\t\t\t\t\t\n    <!-- banner -->\n    <section class=\"knsl-banner-simple knsl-transition-bottom\">\n      \n\t\t\t\t<img decoding=\"async\" src=\"https:\/\/suspicious-rhodes.212-227-213-150.plesk.page\/wp-content\/themes\/kinsley\/assets\/img\/palm.svg\" class=\"knsl-deco-left\" alt=\"palm\" \/>\n\t\t<img decoding=\"async\" src=\"https:\/\/suspicious-rhodes.212-227-213-150.plesk.page\/wp-content\/themes\/kinsley\/assets\/img\/palm.svg\" class=\"knsl-deco-right\" alt=\"palm\" \/>\n\t\t\n\t\n\t  \n      <div class=\"container\">\n        <div class=\"row\">\n          <div class=\"col-lg-12\">\n\n            <div class=\"knsl-center knsl-title-frame\">\n                            <h1 class=\"knsl-title--h knsl-mb-20 knsl-h1-inner\">\n                <span >\n                    Foire aux questions                <\/span>\n              <\/h1>\n                                          <p class=\"knsl-text knsl-mb-30\">\n                <span >\n                    Cette section r\u00e9pond aux questions les plus fr\u00e9quemment pos\u00e9es.\nConsultez-la pour obtenir rapidement les informations essentielles.\nPour toute demande sp\u00e9cifique, notre \u00e9quipe reste \u00e0 votre disposition.                <\/span>\n              <\/p>\n              \n              <ul class=\"knsl-breadcrumbs\"><li><a href=\"https:\/\/suspicious-rhodes.212-227-213-150.plesk.page\" title=\"Les Carib\u00e9ennes\">Accueil<\/a><\/li><li class=\"tst-active\"><a><\/a><\/li><\/ul>\n            <\/div>\n\n          <\/div>\n        <\/div>\n      <\/div>\n    <\/section>\n    <!-- banner end -->\n\n\t\t\t\t\t\t<\/div>\n\t\t\t\t<\/div>\n\t\t\t\t\t<\/div>\n\t\t<\/div>\n\t\t\t\t\t<\/div>\n\t\t<\/section>\n\t\t\t\t<section class=\"elementor-section elementor-top-section elementor-element elementor-element-22fca77 elementor-section-full_width elementor-section-height-default elementor-section-height-default\" data-id=\"22fca77\" data-element_type=\"section\" data-e-type=\"section\">\n\t\t\t\t\t\t<div class=\"elementor-container elementor-column-gap-no\">\n\t\t\t\t\t<div class=\"elementor-column elementor-col-100 elementor-top-column elementor-element elementor-element-a2d9c7a\" data-id=\"a2d9c7a\" data-element_type=\"column\" data-e-type=\"column\">\n\t\t\t<div class=\"elementor-widget-wrap elementor-element-populated\">\n\t\t\t\t\t\t<div class=\"elementor-element elementor-element-a0aef6d elementor-widget elementor-widget-kinsley-faq-list\" data-id=\"a0aef6d\" data-element_type=\"widget\" data-e-type=\"widget\" data-widget_type=\"kinsley-faq-list.default\">\n\t\t\t\t<div class=\"elementor-widget-container\">\n\t\t\t\t\t\n\t\t<!-- faq -->\n\t\t<div class=\"container knsl-p-0-100\">\n\t\t\t\n\t\t\t<div class=\"row\" data-sticky-container>\n\t\t\t\t<div class=\"col-lg-3\">\n\t\t\t\t\t\t\t\t\t\t<!-- side form -->\n\t\t\t\t\t<div class=\"knsl-sticky knsl-stycky-left\" data-margin-top=\"110\">\n\t\t\t\t\t\t\t\t\t\t\t\t<h3 class=\"knsl-mb-30\">\n\t\t\t\t\t\t\t<span >\n\t\t\t\t\t\t\t\tCat\u00e9gories\t\t\t\t\t\t\t<\/span>\n\t\t\t\t\t\t<\/h3>\n\t\t\t\t\t\t\t\t\t\t\t\t<ul class=\"knsl-side-menu\">\n\t\t\t\t\t\t\t\t\t\t\t\t\t\t<li><a href=\"#faq-79\" class=\"knsl-sm-link knsl-active\">Conditions g\u00e9n\u00e9rales<\/a><\/li>\n\t\t\t\t\t\t\t\t\t\t\t\t\t\t<li><a href=\"#faq-58\" class=\"knsl-sm-link\">Hotel<\/a><\/li>\n\t\t\t\t\t\t\t\t\t\t\t\t\t\t<li><a href=\"#faq-47\" class=\"knsl-sm-link\">Localisation et Acc\u00e8s<\/a><\/li>\n\t\t\t\t\t\t\t\t\t\t\t\t\t\t<li><a href=\"#faq-68\" class=\"knsl-sm-link\">Modes de paiement<\/a><\/li>\n\t\t\t\t\t\t\t\t\t\t\t\t\t\t<li><a href=\"#faq-75\" class=\"knsl-sm-link\">Services<\/a><\/li>\n\t\t\t\t\t\t\t\t\t\t\t\t\t<\/ul>\n\t\t\t\t\t<\/div>\n\t\t\t\t\t<!-- side form end -->\n\t\t\t\t\t\t\t\t\t<\/div>\n\t\t\t\t<div class=\"col-lg-9\">\n\t\t\t\t\t<section>\n\t\t\t\t\t\t\t\t\t\t\t\t<div id=\"accordion\">\n\t\t\t\t\t\t\t\t\t\t\t\t\t\t<h3 class=\"knsl-mb-30\">Conditions g\u00e9n\u00e9rales<\/h3>\n\t\t\t\t\t\t\t<div class=\"knsl-faq knsl-mb-60\" id=\"faq-79\">\n\t\t\t\t\t\t\t\t\n\n<div class=\"card\">\n\t<div class=\"card-header\" id=\"knsl-faqHeading-2070\">\n\t\t<div class=\"mb-0\">\n\t\t\t<h6 class=\"knsl-faq-title\" data-toggle=\"collapse\" data-target=\"#knsl-faqCollapse-2070\" data-aria-expanded=\"true\" data-aria-controls=\"knsl-faqCollapse-2070\">\n\t\t\t\t<span class=\"badge\">1<\/span>\n\t\t\t\tWhy do we use it terms?\t\t\t<\/h6>\n\t\t<\/div>\n\t<\/div>\n\t<div id=\"knsl-faqCollapse-2070\" class=\"collapse\" aria-labelledby=\"knsl-faqHeading-2070\" data-parent=\"#accordion\">\n\t\t<div class=\"knsl-card-body\">\n\t\t\t\n<p>It is a long established fact that a reader will be distracted by the readable content of a page when looking at its layout. The point of using Lorem Ipsum is that it has a more-or-less normal distribution of letters, as<br \/>opposed to using &#8216;Content here, content here.<\/p>\n\t\t<\/div>\n\t<\/div>\n<\/div>\n\n\n<div class=\"card\">\n\t<div class=\"card-header\" id=\"knsl-faqHeading-2071\">\n\t\t<div class=\"mb-0\">\n\t\t\t<h6 class=\"knsl-faq-title\" data-toggle=\"collapse\" data-target=\"#knsl-faqCollapse-2071\" data-aria-expanded=\"true\" data-aria-controls=\"knsl-faqCollapse-2071\">\n\t\t\t\t<span class=\"badge\">2<\/span>\n\t\t\t\tWhere does it come from and terms?\t\t\t<\/h6>\n\t\t<\/div>\n\t<\/div>\n\t<div id=\"knsl-faqCollapse-2071\" class=\"collapse\" aria-labelledby=\"knsl-faqHeading-2071\" data-parent=\"#accordion\">\n\t\t<div class=\"knsl-card-body\">\n\t\t\t\n<p>Contrary to popular belief, Lorem Ipsum is not simply random text. It has roots in a piece of classical Latin literature from 45 BC, making it over 2000 years old.<\/p>\n\t\t<\/div>\n\t<\/div>\n<\/div>\n\n\n<div class=\"card\">\n\t<div class=\"card-header\" id=\"knsl-faqHeading-2072\">\n\t\t<div class=\"mb-0\">\n\t\t\t<h6 class=\"knsl-faq-title\" data-toggle=\"collapse\" data-target=\"#knsl-faqCollapse-2072\" data-aria-expanded=\"true\" data-aria-controls=\"knsl-faqCollapse-2072\">\n\t\t\t\t<span class=\"badge\">3<\/span>\n\t\t\t\tWhat is Lorem Ipsum terms?\t\t\t<\/h6>\n\t\t<\/div>\n\t<\/div>\n\t<div id=\"knsl-faqCollapse-2072\" class=\"collapse\" aria-labelledby=\"knsl-faqHeading-2072\" data-parent=\"#accordion\">\n\t\t<div class=\"knsl-card-body\">\n\t\t\t\n<p>Lorem Ipsum is simply dummy text of the printing and typesetting industry. Lorem Ipsum has been the industry&#8217;s standard dummy text ever since the 1500s, when an unknown printer took a galley of type and scrambled it to make a type specimen book.<\/p>\n\t\t<\/div>\n\t<\/div>\n<\/div>\n\n\n<div class=\"card\">\n\t<div class=\"card-header\" id=\"knsl-faqHeading-2069\">\n\t\t<div class=\"mb-0\">\n\t\t\t<h6 class=\"knsl-faq-title\" data-toggle=\"collapse\" data-target=\"#knsl-faqCollapse-2069\" data-aria-expanded=\"true\" data-aria-controls=\"knsl-faqCollapse-2069\">\n\t\t\t\t<span class=\"badge\">4<\/span>\n\t\t\t\tWhere can I get some new terms?\t\t\t<\/h6>\n\t\t<\/div>\n\t<\/div>\n\t<div id=\"knsl-faqCollapse-2069\" class=\"collapse\" aria-labelledby=\"knsl-faqHeading-2069\" data-parent=\"#accordion\">\n\t\t<div class=\"knsl-card-body\">\n\t\t\t\n<p>There are many variations of passages of Lorem Ipsum available, but the majority have suffered alteration in some form, by injected humour, or randomised words which don&#8217;t look even slightly believable.<\/p>\n\t\t<\/div>\n\t<\/div>\n<\/div>\n\t\t\t\t\t\t\t<\/div>\n\t\t\t\t\t\t\t\t\t\t\t\t\t\t<h3 class=\"knsl-mb-30\">Hotel<\/h3>\n\t\t\t\t\t\t\t<div class=\"knsl-faq knsl-mb-60\" id=\"faq-58\">\n\t\t\t\t\t\t\t\t\n\n<div class=\"card\">\n\t<div class=\"card-header\" id=\"knsl-faqHeading-2046\">\n\t\t<div class=\"mb-0\">\n\t\t\t<h6 class=\"knsl-faq-title\" data-toggle=\"collapse\" data-target=\"#knsl-faqCollapse-2046\" data-aria-expanded=\"true\" data-aria-controls=\"knsl-faqCollapse-2046\">\n\t\t\t\t<span class=\"badge\">1<\/span>\n\t\t\t\tWhy do we use it in Hotel?\t\t\t<\/h6>\n\t\t<\/div>\n\t<\/div>\n\t<div id=\"knsl-faqCollapse-2046\" class=\"collapse\" aria-labelledby=\"knsl-faqHeading-2046\" data-parent=\"#accordion\">\n\t\t<div class=\"knsl-card-body\">\n\t\t\t\n<p>It is a long established fact that a reader will be distracted by the readable content of a page when looking at its layout. The point of using Lorem Ipsum is that it has a more-or-less normal distribution of letters, as<br \/>opposed to using &#8216;Content here, content here.<\/p>\n\t\t<\/div>\n\t<\/div>\n<\/div>\n\n\n<div class=\"card\">\n\t<div class=\"card-header\" id=\"knsl-faqHeading-2047\">\n\t\t<div class=\"mb-0\">\n\t\t\t<h6 class=\"knsl-faq-title\" data-toggle=\"collapse\" data-target=\"#knsl-faqCollapse-2047\" data-aria-expanded=\"true\" data-aria-controls=\"knsl-faqCollapse-2047\">\n\t\t\t\t<span class=\"badge\">2<\/span>\n\t\t\t\tWhere does it come from Hotel?\t\t\t<\/h6>\n\t\t<\/div>\n\t<\/div>\n\t<div id=\"knsl-faqCollapse-2047\" class=\"collapse\" aria-labelledby=\"knsl-faqHeading-2047\" data-parent=\"#accordion\">\n\t\t<div class=\"knsl-card-body\">\n\t\t\t\n<p>Contrary to popular belief, Lorem Ipsum is not simply random text. It has roots in a piece of classical Latin literature from 45 BC, making it over 2000 years old.<\/p>\n\t\t<\/div>\n\t<\/div>\n<\/div>\n\n\n<div class=\"card\">\n\t<div class=\"card-header\" id=\"knsl-faqHeading-2048\">\n\t\t<div class=\"mb-0\">\n\t\t\t<h6 class=\"knsl-faq-title\" data-toggle=\"collapse\" data-target=\"#knsl-faqCollapse-2048\" data-aria-expanded=\"true\" data-aria-controls=\"knsl-faqCollapse-2048\">\n\t\t\t\t<span class=\"badge\">3<\/span>\n\t\t\t\tWhat is Lorem Ipsum Hotel?\t\t\t<\/h6>\n\t\t<\/div>\n\t<\/div>\n\t<div id=\"knsl-faqCollapse-2048\" class=\"collapse\" aria-labelledby=\"knsl-faqHeading-2048\" data-parent=\"#accordion\">\n\t\t<div class=\"knsl-card-body\">\n\t\t\t\n<p>Lorem Ipsum is simply dummy text of the printing and typesetting industry. Lorem Ipsum has been the industry&#8217;s standard dummy text ever since the 1500s, when an unknown printer took a galley of type and scrambled it to make a type specimen book.<\/p>\n\t\t<\/div>\n\t<\/div>\n<\/div>\n\n\n<div class=\"card\">\n\t<div class=\"card-header\" id=\"knsl-faqHeading-2045\">\n\t\t<div class=\"mb-0\">\n\t\t\t<h6 class=\"knsl-faq-title\" data-toggle=\"collapse\" data-target=\"#knsl-faqCollapse-2045\" data-aria-expanded=\"true\" data-aria-controls=\"knsl-faqCollapse-2045\">\n\t\t\t\t<span class=\"badge\">4<\/span>\n\t\t\t\tWhere can I get some room in Hotel?\t\t\t<\/h6>\n\t\t<\/div>\n\t<\/div>\n\t<div id=\"knsl-faqCollapse-2045\" class=\"collapse\" aria-labelledby=\"knsl-faqHeading-2045\" data-parent=\"#accordion\">\n\t\t<div class=\"knsl-card-body\">\n\t\t\t\n<p>There are many variations of passages of Lorem Ipsum available, but the majority have suffered alteration in some form, by injected humour, or randomised words which don&#8217;t look even slightly believable.<\/p>\n\t\t<\/div>\n\t<\/div>\n<\/div>\n\t\t\t\t\t\t\t<\/div>\n\t\t\t\t\t\t\t\t\t\t\t\t\t\t<h3 class=\"knsl-mb-30\">Localisation et Acc\u00e8s<\/h3>\n\t\t\t\t\t\t\t<div class=\"knsl-faq knsl-mb-60\" id=\"faq-47\">\n\t\t\t\t\t\t\t\t\n\n<div class=\"card\">\n\t<div class=\"card-header\" id=\"knsl-faqHeading-705\">\n\t\t<div class=\"mb-0\">\n\t\t\t<h6 class=\"knsl-faq-title\" data-toggle=\"collapse\" data-target=\"#knsl-faqCollapse-705\" data-aria-expanded=\"true\" data-aria-controls=\"knsl-faqCollapse-705\">\n\t\t\t\t<span class=\"badge\">1<\/span>\n\t\t\t\tWhere can I get some?\t\t\t<\/h6>\n\t\t<\/div>\n\t<\/div>\n\t<div id=\"knsl-faqCollapse-705\" class=\"collapse\" aria-labelledby=\"knsl-faqHeading-705\" data-parent=\"#accordion\">\n\t\t<div class=\"knsl-card-body\">\n\t\t\t\n<p>There are many variations of passages of Lorem Ipsum available, but the majority have suffered alteration in some form, by injected humour, or randomised words which don&#8217;t look even slightly believable.<\/p>\n\t\t<\/div>\n\t<\/div>\n<\/div>\n\n\n<div class=\"card\">\n\t<div class=\"card-header\" id=\"knsl-faqHeading-703\">\n\t\t<div class=\"mb-0\">\n\t\t\t<h6 class=\"knsl-faq-title\" data-toggle=\"collapse\" data-target=\"#knsl-faqCollapse-703\" data-aria-expanded=\"true\" data-aria-controls=\"knsl-faqCollapse-703\">\n\t\t\t\t<span class=\"badge\">2<\/span>\n\t\t\t\tWhy do we use it?\t\t\t<\/h6>\n\t\t<\/div>\n\t<\/div>\n\t<div id=\"knsl-faqCollapse-703\" class=\"collapse\" aria-labelledby=\"knsl-faqHeading-703\" data-parent=\"#accordion\">\n\t\t<div class=\"knsl-card-body\">\n\t\t\t\n<p>It is a long established fact that a reader will be distracted by the readable content of a page when looking at its layout. The point of using Lorem Ipsum is that it has a more-or-less normal distribution of letters, as<br \/>opposed to using &#8216;Content here, content here.<\/p>\n\t\t<\/div>\n\t<\/div>\n<\/div>\n\n\n<div class=\"card\">\n\t<div class=\"card-header\" id=\"knsl-faqHeading-701\">\n\t\t<div class=\"mb-0\">\n\t\t\t<h6 class=\"knsl-faq-title\" data-toggle=\"collapse\" data-target=\"#knsl-faqCollapse-701\" data-aria-expanded=\"true\" data-aria-controls=\"knsl-faqCollapse-701\">\n\t\t\t\t<span class=\"badge\">3<\/span>\n\t\t\t\tWhere does it come from?\t\t\t<\/h6>\n\t\t<\/div>\n\t<\/div>\n\t<div id=\"knsl-faqCollapse-701\" class=\"collapse\" aria-labelledby=\"knsl-faqHeading-701\" data-parent=\"#accordion\">\n\t\t<div class=\"knsl-card-body\">\n\t\t\t\n<p>Contrary to popular belief, Lorem Ipsum is not simply random text. It has roots in a piece of classical Latin literature from 45 BC, making it over 2000 years old.<\/p>\n\t\t<\/div>\n\t<\/div>\n<\/div>\n\n\n<div class=\"card\">\n\t<div class=\"card-header\" id=\"knsl-faqHeading-699\">\n\t\t<div class=\"mb-0\">\n\t\t\t<h6 class=\"knsl-faq-title\" data-toggle=\"collapse\" data-target=\"#knsl-faqCollapse-699\" data-aria-expanded=\"true\" data-aria-controls=\"knsl-faqCollapse-699\">\n\t\t\t\t<span class=\"badge\">4<\/span>\n\t\t\t\tWhat is Lorem Ipsum?\t\t\t<\/h6>\n\t\t<\/div>\n\t<\/div>\n\t<div id=\"knsl-faqCollapse-699\" class=\"collapse\" aria-labelledby=\"knsl-faqHeading-699\" data-parent=\"#accordion\">\n\t\t<div class=\"knsl-card-body\">\n\t\t\t\n<p>Lorem Ipsum is simply dummy text of the printing and typesetting industry. Lorem Ipsum has been the industry&#8217;s standard dummy text ever since the 1500s, when an unknown printer took a galley of type and scrambled it to make a type specimen book.<\/p>\n\t\t<\/div>\n\t<\/div>\n<\/div>\n\t\t\t\t\t\t\t<\/div>\n\t\t\t\t\t\t\t\t\t\t\t\t\t\t<h3 class=\"knsl-mb-30\">Modes de paiement<\/h3>\n\t\t\t\t\t\t\t<div class=\"knsl-faq knsl-mb-60\" id=\"faq-68\">\n\t\t\t\t\t\t\t\t\n\n<div class=\"card\">\n\t<div class=\"card-header\" id=\"knsl-faqHeading-2054\">\n\t\t<div class=\"mb-0\">\n\t\t\t<h6 class=\"knsl-faq-title\" data-toggle=\"collapse\" data-target=\"#knsl-faqCollapse-2054\" data-aria-expanded=\"true\" data-aria-controls=\"knsl-faqCollapse-2054\">\n\t\t\t\t<span class=\"badge\">1<\/span>\n\t\t\t\tWhy do we use this payment?\t\t\t<\/h6>\n\t\t<\/div>\n\t<\/div>\n\t<div id=\"knsl-faqCollapse-2054\" class=\"collapse\" aria-labelledby=\"knsl-faqHeading-2054\" data-parent=\"#accordion\">\n\t\t<div class=\"knsl-card-body\">\n\t\t\t\n<p>It is a long established fact that a reader will be distracted by the readable content of a page when looking at its layout. The point of using Lorem Ipsum is that it has a more-or-less normal distribution of letters, as<br \/>opposed to using &#8216;Content here, content here.<\/p>\n\t\t<\/div>\n\t<\/div>\n<\/div>\n\n\n<div class=\"card\">\n\t<div class=\"card-header\" id=\"knsl-faqHeading-2055\">\n\t\t<div class=\"mb-0\">\n\t\t\t<h6 class=\"knsl-faq-title\" data-toggle=\"collapse\" data-target=\"#knsl-faqCollapse-2055\" data-aria-expanded=\"true\" data-aria-controls=\"knsl-faqCollapse-2055\">\n\t\t\t\t<span class=\"badge\">2<\/span>\n\t\t\t\tWhere does it come from and payment?\t\t\t<\/h6>\n\t\t<\/div>\n\t<\/div>\n\t<div id=\"knsl-faqCollapse-2055\" class=\"collapse\" aria-labelledby=\"knsl-faqHeading-2055\" data-parent=\"#accordion\">\n\t\t<div class=\"knsl-card-body\">\n\t\t\t\n<p>Contrary to popular belief, Lorem Ipsum is not simply random text. It has roots in a piece of classical Latin literature from 45 BC, making it over 2000 years old.<\/p>\n\t\t<\/div>\n\t<\/div>\n<\/div>\n\n\n<div class=\"card\">\n\t<div class=\"card-header\" id=\"knsl-faqHeading-2056\">\n\t\t<div class=\"mb-0\">\n\t\t\t<h6 class=\"knsl-faq-title\" data-toggle=\"collapse\" data-target=\"#knsl-faqCollapse-2056\" data-aria-expanded=\"true\" data-aria-controls=\"knsl-faqCollapse-2056\">\n\t\t\t\t<span class=\"badge\">3<\/span>\n\t\t\t\tWhat is Lorem Ipsum payment?\t\t\t<\/h6>\n\t\t<\/div>\n\t<\/div>\n\t<div id=\"knsl-faqCollapse-2056\" class=\"collapse\" aria-labelledby=\"knsl-faqHeading-2056\" data-parent=\"#accordion\">\n\t\t<div class=\"knsl-card-body\">\n\t\t\t\n<p>Lorem Ipsum is simply dummy text of the printing and typesetting industry. Lorem Ipsum has been the industry&#8217;s standard dummy text ever since the 1500s, when an unknown printer took a galley of type and scrambled it to make a type specimen book.<\/p>\n\t\t<\/div>\n\t<\/div>\n<\/div>\n\n\n<div class=\"card\">\n\t<div class=\"card-header\" id=\"knsl-faqHeading-2053\">\n\t\t<div class=\"mb-0\">\n\t\t\t<h6 class=\"knsl-faq-title\" data-toggle=\"collapse\" data-target=\"#knsl-faqCollapse-2053\" data-aria-expanded=\"true\" data-aria-controls=\"knsl-faqCollapse-2053\">\n\t\t\t\t<span class=\"badge\">4<\/span>\n\t\t\t\tWhere can I get some example of payment?\t\t\t<\/h6>\n\t\t<\/div>\n\t<\/div>\n\t<div id=\"knsl-faqCollapse-2053\" class=\"collapse\" aria-labelledby=\"knsl-faqHeading-2053\" data-parent=\"#accordion\">\n\t\t<div class=\"knsl-card-body\">\n\t\t\t\n<p>There are many variations of passages of Lorem Ipsum available, but the majority have suffered alteration in some form, by injected humour, or randomised words which don&#8217;t look even slightly believable.<\/p>\n\t\t<\/div>\n\t<\/div>\n<\/div>\n\t\t\t\t\t\t\t<\/div>\n\t\t\t\t\t\t\t\t\t\t\t\t\t\t<h3 class=\"knsl-mb-30\">Services<\/h3>\n\t\t\t\t\t\t\t<div class=\"knsl-faq knsl-mb-60\" id=\"faq-75\">\n\t\t\t\t\t\t\t\t\n\n<div class=\"card\">\n\t<div class=\"card-header\" id=\"knsl-faqHeading-2062\">\n\t\t<div class=\"mb-0\">\n\t\t\t<h6 class=\"knsl-faq-title\" data-toggle=\"collapse\" data-target=\"#knsl-faqCollapse-2062\" data-aria-expanded=\"true\" data-aria-controls=\"knsl-faqCollapse-2062\">\n\t\t\t\t<span class=\"badge\">1<\/span>\n\t\t\t\tWhy do we use this service?\t\t\t<\/h6>\n\t\t<\/div>\n\t<\/div>\n\t<div id=\"knsl-faqCollapse-2062\" class=\"collapse\" aria-labelledby=\"knsl-faqHeading-2062\" data-parent=\"#accordion\">\n\t\t<div class=\"knsl-card-body\">\n\t\t\t\n<p>It is a long established fact that a reader will be distracted by the readable content of a page when looking at its layout. The point of using Lorem Ipsum is that it has a more-or-less normal distribution of letters, as<br \/>opposed to using &#8216;Content here, content here.<\/p>\n\t\t<\/div>\n\t<\/div>\n<\/div>\n\n\n<div class=\"card\">\n\t<div class=\"card-header\" id=\"knsl-faqHeading-2063\">\n\t\t<div class=\"mb-0\">\n\t\t\t<h6 class=\"knsl-faq-title\" data-toggle=\"collapse\" data-target=\"#knsl-faqCollapse-2063\" data-aria-expanded=\"true\" data-aria-controls=\"knsl-faqCollapse-2063\">\n\t\t\t\t<span class=\"badge\">2<\/span>\n\t\t\t\tWhere does it come from this service?\t\t\t<\/h6>\n\t\t<\/div>\n\t<\/div>\n\t<div id=\"knsl-faqCollapse-2063\" class=\"collapse\" aria-labelledby=\"knsl-faqHeading-2063\" data-parent=\"#accordion\">\n\t\t<div class=\"knsl-card-body\">\n\t\t\t\n<p>Contrary to popular belief, Lorem Ipsum is not simply random text. It has roots in a piece of classical Latin literature from 45 BC, making it over 2000 years old.<\/p>\n\t\t<\/div>\n\t<\/div>\n<\/div>\n\n\n<div class=\"card\">\n\t<div class=\"card-header\" id=\"knsl-faqHeading-2064\">\n\t\t<div class=\"mb-0\">\n\t\t\t<h6 class=\"knsl-faq-title\" data-toggle=\"collapse\" data-target=\"#knsl-faqCollapse-2064\" data-aria-expanded=\"true\" data-aria-controls=\"knsl-faqCollapse-2064\">\n\t\t\t\t<span class=\"badge\">3<\/span>\n\t\t\t\tWhat is Lorem Ipsum service?\t\t\t<\/h6>\n\t\t<\/div>\n\t<\/div>\n\t<div id=\"knsl-faqCollapse-2064\" class=\"collapse\" aria-labelledby=\"knsl-faqHeading-2064\" data-parent=\"#accordion\">\n\t\t<div class=\"knsl-card-body\">\n\t\t\t\n<p>Lorem Ipsum is simply dummy text of the printing and typesetting industry. Lorem Ipsum has been the industry&#8217;s standard dummy text ever since the 1500s, when an unknown printer took a galley of type and scrambled it to make a type specimen book.<\/p>\n\t\t<\/div>\n\t<\/div>\n<\/div>\n\n\n<div class=\"card\">\n\t<div class=\"card-header\" id=\"knsl-faqHeading-2061\">\n\t\t<div class=\"mb-0\">\n\t\t\t<h6 class=\"knsl-faq-title\" data-toggle=\"collapse\" data-target=\"#knsl-faqCollapse-2061\" data-aria-expanded=\"true\" data-aria-controls=\"knsl-faqCollapse-2061\">\n\t\t\t\t<span class=\"badge\">4<\/span>\n\t\t\t\tWhere can I get some more services?\t\t\t<\/h6>\n\t\t<\/div>\n\t<\/div>\n\t<div id=\"knsl-faqCollapse-2061\" class=\"collapse\" aria-labelledby=\"knsl-faqHeading-2061\" data-parent=\"#accordion\">\n\t\t<div class=\"knsl-card-body\">\n\t\t\t\n<p>There are many variations of passages of Lorem Ipsum available, but the majority have suffered alteration in some form, by injected humour, or randomised words which don&#8217;t look even slightly believable.<\/p>\n\t\t<\/div>\n\t<\/div>\n<\/div>\n\t\t\t\t\t\t\t<\/div>\n\t\t\t\t\t\t\t\t\t\t\t\t\t<\/div>\n\t\t\t\t\t\t\t\t\t\t\t<\/section>\n\n\t\t\t\t\t\t\t\t\t\t<section>\n\t\t\t\t\t\t<div class=\"row\">\n\t\t\t\t\t\t\t<div class=\"col-lg-12\">\n\t\t\t\t\t\t\t\t\t\t\t\t\t\t\t\t<h3 class=\"knsl-mb-40 knsl-scroll-animation\">\n\t\t\t\t\t\t\t\t\t<span >\n\t\t\t\t\t\t\t\t\t\tVous ne trouvez pas votre r\u00e9ponse ? \u00c9crivez-nous, on est l\u00e0 pour vous.\t\t\t\t\t\t\t\t\t<\/span>\n\t\t\t\t\t\t\t\t<\/h3>\n\t\t\t\t\t\t\t\t\t\t\t\t\t\t\t<\/div>\n\t\t\t\t\t\t\t\t\t\t\t\t\t\t<div class=\"col-lg-12\">\n\t\t\t\t\t\t\t\t<div class=\"knsl-scroll-animation-default\">\n\t\t\t\t\t\t\t\t\t[contact-form-7 id=\"384\"]\t\t\t\t\t\t\t\t<\/div>\n\t\t\t\t\t\t\t<\/div>\n\t\t\t\t\t\t\t\t\t\t\t\t\t<\/div>\n\t\t\t\t\t<\/section>\n\t\t\t\t\t\t\t\t\t<\/div>\n\t\t\t<\/div>\n\n\t\t<\/div>\t\t<!-- faq end -->\n\n\t\t\t\t\t\t<\/div>\n\t\t\t\t<\/div>\n\t\t\t\t\t<\/div>\n\t\t<\/div>\n\t\t\t\t\t<\/div>\n\t\t<\/section>\n\t\t\t\t<\/div>\n\t\t","protected":false},"excerpt":{"rendered":"<p>Foire aux questions Cette section r\u00e9pond aux questions les plus fr\u00e9quemment pos\u00e9es. Consultez-la pour obtenir rapidement les informations essentielles. Pour&#8230; <span class=\"knsl-el-more\"><a href=\"https:\/\/suspicious-rhodes.212-227-213-150.plesk.page\/index.php\/faq\/item\/where-can-i-get-some-more-services\/\" class=\"knsl-btn\">Consulter<span class=\"screen-reader-text\">Consulter&nbsp;Where can I get some more services?<\/span><\/a><\/span><\/p>\n","protected":false},"author":1,"featured_media":0,"parent":0,"menu_order":0,"comment_status":"closed","ping_status":"closed","template":"template-layout-builder.php","meta":{"_acf_changed":false,"_monsterinsights_skip_tracking":false,"_monsterinsights_sitenote_active":false,"_monsterinsights_sitenote_note":"","_monsterinsights_sitenote_category":0,"footnotes":""},"class_list":["post-688","page","type-page","status-publish","hentry"],"acf":[],"aioseo_notices":[],"_links":{"self":[{"href":"https:\/\/suspicious-rhodes.212-227-213-150.plesk.page\/index.php\/wp-json\/wp\/v2\/pages\/688","targetHints":{"allow":["GET"]}}],"collection":[{"href":"https:\/\/suspicious-rhodes.212-227-213-150.plesk.page\/index.php\/wp-json\/wp\/v2\/pages"}],"about":[{"href":"https:\/\/suspicious-rhodes.212-227-213-150.plesk.page\/index.php\/wp-json\/wp\/v2\/types\/page"}],"author":[{"embeddable":true,"href":"https:\/\/suspicious-rhodes.212-227-213-150.plesk.page\/index.php\/wp-json\/wp\/v2\/users\/1"}],"replies":[{"embeddable":true,"href":"https:\/\/suspicious-rhodes.212-227-213-150.plesk.page\/index.php\/wp-json\/wp\/v2\/comments?post=688"}],"version-history":[{"count":4,"href":"https:\/\/suspicious-rhodes.212-227-213-150.plesk.page\/index.php\/wp-json\/wp\/v2\/pages\/688\/revisions"}],"predecessor-version":[{"id":3811,"href":"https:\/\/suspicious-rhodes.212-227-213-150.plesk.page\/index.php\/wp-json\/wp\/v2\/pages\/688\/revisions\/3811"}],"wp:attachment":[{"href":"https:\/\/suspicious-rhodes.212-227-213-150.plesk.page\/index.php\/wp-json\/wp\/v2\/media?parent=688"}],"curies":[{"name":"wp","href":"https:\/\/api.w.org\/{rel}","templated":true}]}}