{"id":713,"date":"2021-12-15T17:07:22","date_gmt":"2021-12-15T17:07:22","guid":{"rendered":"https:\/\/kinsley-demo.bslthemes.com\/?page_id=713"},"modified":"2025-04-24T02:33:14","modified_gmt":"2025-04-24T02:33:14","slug":"blog","status":"publish","type":"page","link":"https:\/\/suspicious-rhodes.212-227-213-150.plesk.page\/index.php\/blog\/","title":{"rendered":"Le Guide"},"content":{"rendered":"\t\t<div data-elementor-type=\"wp-page\" data-elementor-id=\"713\" class=\"elementor elementor-713\">\n\t\t\t\t\t\t<section class=\"elementor-section elementor-top-section elementor-element elementor-element-5406730 elementor-section-full_width elementor-section-height-default elementor-section-height-default\" data-id=\"5406730\" data-element_type=\"section\" data-e-type=\"section\">\n\t\t\t\t\t\t<div class=\"elementor-container elementor-column-gap-no\">\n\t\t\t\t\t<div class=\"elementor-column elementor-col-100 elementor-top-column elementor-element elementor-element-97d9df7\" data-id=\"97d9df7\" data-element_type=\"column\" data-e-type=\"column\">\n\t\t\t<div class=\"elementor-widget-wrap elementor-element-populated\">\n\t\t\t\t\t\t<div class=\"elementor-element elementor-element-0a92559 elementor-widget elementor-widget-kinsley-intro\" data-id=\"0a92559\" data-element_type=\"widget\" data-e-type=\"widget\" data-widget_type=\"kinsley-intro.default\">\n\t\t\t\t<div class=\"elementor-widget-container\">\n\t\t\t\t\t\n    <!-- banner -->\n    <section class=\"knsl-banner-simple knsl-transition-bottom\">\n      \n\t\t\t\t<img decoding=\"async\" src=\"https:\/\/suspicious-rhodes.212-227-213-150.plesk.page\/wp-content\/themes\/kinsley\/assets\/img\/palm.svg\" class=\"knsl-deco-left\" alt=\"palm\" \/>\n\t\t<img decoding=\"async\" src=\"https:\/\/suspicious-rhodes.212-227-213-150.plesk.page\/wp-content\/themes\/kinsley\/assets\/img\/palm.svg\" class=\"knsl-deco-right\" alt=\"palm\" \/>\n\t\t\n\t\n\t  \n      <div class=\"container\">\n        <div class=\"row\">\n          <div class=\"col-lg-12\">\n\n            <div class=\"knsl-center knsl-title-frame\">\n                            <h1 class=\"knsl-title--h knsl-mb-20 knsl-h1-inner\">\n                <span >\n                    Le Guide                <\/span>\n              <\/h1>\n                                          <p class=\"knsl-text knsl-mb-30\">\n                <span >\n                    \u2728 Tous les bons plans et activit\u00e9s sont ici \u2014 il ne vous reste plus qu\u2019\u00e0 profiter !\nLaissez-vous charmer par l\u2019ambiance chaleureuse des Anses d\u2019Arlet et vivez une exp\u00e9rience inoubliable entre mer, nature et traditions.                <\/span>\n              <\/p>\n              \n              <ul class=\"knsl-breadcrumbs\"><li><a href=\"https:\/\/suspicious-rhodes.212-227-213-150.plesk.page\" title=\"Les Carib\u00e9ennes\">Accueil<\/a><\/li><li class=\"tst-active\"><a><\/a><\/li><\/ul>\n            <\/div>\n\n          <\/div>\n        <\/div>\n      <\/div>\n    <\/section>\n    <!-- banner end -->\n\n\t\t\t\t\t\t<\/div>\n\t\t\t\t<\/div>\n\t\t\t\t\t<\/div>\n\t\t<\/div>\n\t\t\t\t\t<\/div>\n\t\t<\/section>\n\t\t\t\t<section class=\"elementor-section elementor-top-section elementor-element elementor-element-e5cb9da elementor-section-full_width elementor-section-height-default elementor-section-height-default\" data-id=\"e5cb9da\" data-element_type=\"section\" data-e-type=\"section\">\n\t\t\t\t\t\t<div class=\"elementor-container elementor-column-gap-no\">\n\t\t\t\t\t<div class=\"elementor-column elementor-col-100 elementor-top-column elementor-element elementor-element-684f0d7\" data-id=\"684f0d7\" data-element_type=\"column\" data-e-type=\"column\">\n\t\t\t<div class=\"elementor-widget-wrap elementor-element-populated\">\n\t\t\t\t\t\t<div class=\"elementor-element elementor-element-2b94d15 elementor-widget elementor-widget-kinsley-blog-grid\" data-id=\"2b94d15\" data-element_type=\"widget\" data-e-type=\"widget\" data-widget_type=\"kinsley-blog-grid.default\">\n\t\t\t\t<div class=\"elementor-widget-container\">\n\t\t\t\t\t\n\t<!-- blog -->\n\t<section class=\"knsl-transition-none knsl-p-0-80\">\n\t\t\n\t\t\t\t<img decoding=\"async\" src=\"https:\/\/suspicious-rhodes.212-227-213-150.plesk.page\/wp-content\/themes\/kinsley\/assets\/img\/palm.svg\" class=\"knsl-deco-right\" alt=\"palm\" \/>\n\t\t\n\t\n\t    <div class=\"container\">\t\t\t<div class=\"row  attr-details-author-false attr-details-date-false\">\n\t\t\t\t\n\t\t\t\t\t\t\t\t\t\t\t\t<div class=\"col-md-6 col-lg-4\">\n\n\t\t\t\t\t\n\n\n<!-- blog card -->\n<div class=\"knsl-blog-card\">\n  <div id=\"post-1181\" class=\"post-1181 post type-post status-publish format-standard has-post-thumbnail hentry category-excursion tag-decouverte tag-guide tag-places tag-trip\">\n    <div class=\"knsl-cover-frame\">\n    <a href=\"https:\/\/suspicious-rhodes.212-227-213-150.plesk.page\/index.php\/2021\/12\/21\/the-ultimate-guide-to-traveling-when-you-have-no-money-2\/\">\n    \t    \t<img decoding=\"async\" src=\"https:\/\/suspicious-rhodes.212-227-213-150.plesk.page\/wp-content\/uploads\/2021\/12\/tombolo-950x475.jpg\" alt=\"Le Tombolo &#8211; SAINTE-MARIE\" \/>\n    \t    <\/a>\n\t\t<div class=\"knsl-badge\">\n\t\t\tExcursion\t\t<\/div>\n  <\/div>\n    <div class=\"knsl-description-frame\">\n    <div class=\"knsl-room-features\">\n      <div class=\"knsl-feature knsl-feature-author\">\n                <div class=\"knsl-icon-frame knsl-icon-author\"><img decoding=\"async\" src=\"https:\/\/secure.gravatar.com\/avatar\/4e4dd68a897cc66db0b61b793f99be502ef64b685ebfed92d6ffe5ea4e881007?s=96&#038;d=mm&#038;r=g\" alt=\"admin\" \/><\/div>\n                <span>admin<\/span>\n      <\/div>\n\n      \t  \t<div class=\"knsl-feature knsl-feature-date\">\n        <div class=\"knsl-icon-frame\"><span class=\"img-svg img-svg-time\"><\/span><\/div>\n        <span>d\u00e9cembre 21, 2021<\/span>\n      <\/div>\n\t  \t    <\/div>\n    <a href=\"https:\/\/suspicious-rhodes.212-227-213-150.plesk.page\/index.php\/2021\/12\/21\/the-ultimate-guide-to-traveling-when-you-have-no-money-2\/\" class=\"knsl-title\">\n      <h4 class=\"knsl-mb-20\">Le Tombolo &#8211; SAINTE-MARIE<\/h4>\n    <\/a>\n    <div class=\"knsl-text-light knsl-text-sm\">\n    \t<p>Situ\u00e9 dans la ville de SAINTE-MARIE, le tombolo est un ph\u00e9nom\u00e8ne naturel spectaculaire qui&#8230; <span class=\"knsl-el-more\"><a href=\"https:\/\/suspicious-rhodes.212-227-213-150.plesk.page\/index.php\/2021\/12\/21\/the-ultimate-guide-to-traveling-when-you-have-no-money-2\/\" class=\"knsl-btn\">Consulter<span class=\"screen-reader-text\">Consulter&nbsp;Le Tombolo &#8211; SAINTE-MARIE<\/span><\/a><\/span><\/p>\n    <\/div>\n  <\/div>\n  <\/div>\n<\/div>\n<!-- blog card end -->\n\n\n\t\t\t\t<\/div>\n\t\t\t\t\t\t\t\t<div class=\"col-md-6 col-lg-4\">\n\n\t\t\t\t\t\n\n\n<!-- blog card -->\n<div class=\"knsl-blog-card\">\n  <div id=\"post-1182\" class=\"post-1182 post type-post status-publish format-standard has-post-thumbnail hentry category-excursion tag-decouverte tag-resort tag-tour\">\n    <div class=\"knsl-cover-frame\">\n    <a href=\"https:\/\/suspicious-rhodes.212-227-213-150.plesk.page\/index.php\/2021\/12\/21\/the-best-travel-insurance-companies-for-seniors-2\/\">\n    \t    \t<img decoding=\"async\" src=\"https:\/\/suspicious-rhodes.212-227-213-150.plesk.page\/wp-content\/uploads\/2021\/12\/balata.jpeg\" alt=\"Le Jardin de Balata\" \/>\n    \t    <\/a>\n\t\t<div class=\"knsl-badge\">\n\t\t\tExcursion\t\t<\/div>\n  <\/div>\n    <div class=\"knsl-description-frame\">\n    <div class=\"knsl-room-features\">\n      <div class=\"knsl-feature knsl-feature-author\">\n                <div class=\"knsl-icon-frame knsl-icon-author\"><img decoding=\"async\" src=\"https:\/\/secure.gravatar.com\/avatar\/4e4dd68a897cc66db0b61b793f99be502ef64b685ebfed92d6ffe5ea4e881007?s=96&#038;d=mm&#038;r=g\" alt=\"admin\" \/><\/div>\n                <span>admin<\/span>\n      <\/div>\n\n      \t  \t<div class=\"knsl-feature knsl-feature-date\">\n        <div class=\"knsl-icon-frame\"><span class=\"img-svg img-svg-time\"><\/span><\/div>\n        <span>d\u00e9cembre 21, 2021<\/span>\n      <\/div>\n\t  \t    <\/div>\n    <a href=\"https:\/\/suspicious-rhodes.212-227-213-150.plesk.page\/index.php\/2021\/12\/21\/the-best-travel-insurance-companies-for-seniors-2\/\" class=\"knsl-title\">\n      <h4 class=\"knsl-mb-20\">Le Jardin de Balata<\/h4>\n    <\/a>\n    <div class=\"knsl-text-light knsl-text-sm\">\n    \t<p>Situ\u00e9 dans les hauteurs de FORT-DE-FRANCE, le Jardin de Balata est un v\u00e9ritable \u00e9crin&#8230; <span class=\"knsl-el-more\"><a href=\"https:\/\/suspicious-rhodes.212-227-213-150.plesk.page\/index.php\/2021\/12\/21\/the-best-travel-insurance-companies-for-seniors-2\/\" class=\"knsl-btn\">Consulter<span class=\"screen-reader-text\">Consulter&nbsp;Le Jardin de Balata<\/span><\/a><\/span><\/p>\n    <\/div>\n  <\/div>\n  <\/div>\n<\/div>\n<!-- blog card end -->\n\n\n\t\t\t\t<\/div>\n\t\t\t\t\t\t\t\t<div class=\"col-md-6 col-lg-4\">\n\n\t\t\t\t\t\n\n\n<!-- blog card -->\n<div class=\"knsl-blog-card\">\n  <div id=\"post-1179\" class=\"post-1179 post type-post status-publish format-standard has-post-thumbnail hentry category-plages tag-decouverte tag-sea tag-tour tag-trip\">\n    <div class=\"knsl-cover-frame\">\n    <a href=\"https:\/\/suspicious-rhodes.212-227-213-150.plesk.page\/index.php\/2021\/12\/21\/plage-des-salines\/\">\n    \t    \t<img decoding=\"async\" src=\"https:\/\/suspicious-rhodes.212-227-213-150.plesk.page\/wp-content\/uploads\/2021\/12\/salines-950x713.jpg\" alt=\"Plage des Salines\" \/>\n    \t    <\/a>\n\t\t<div class=\"knsl-badge\">\n\t\t\tPlages\t\t<\/div>\n  <\/div>\n    <div class=\"knsl-description-frame\">\n    <div class=\"knsl-room-features\">\n      <div class=\"knsl-feature knsl-feature-author\">\n                <div class=\"knsl-icon-frame knsl-icon-author\"><img decoding=\"async\" src=\"https:\/\/secure.gravatar.com\/avatar\/4e4dd68a897cc66db0b61b793f99be502ef64b685ebfed92d6ffe5ea4e881007?s=96&#038;d=mm&#038;r=g\" alt=\"admin\" \/><\/div>\n                <span>admin<\/span>\n      <\/div>\n\n      \t  \t<div class=\"knsl-feature knsl-feature-date\">\n        <div class=\"knsl-icon-frame\"><span class=\"img-svg img-svg-time\"><\/span><\/div>\n        <span>d\u00e9cembre 21, 2021<\/span>\n      <\/div>\n\t  \t    <\/div>\n    <a href=\"https:\/\/suspicious-rhodes.212-227-213-150.plesk.page\/index.php\/2021\/12\/21\/plage-des-salines\/\" class=\"knsl-title\">\n      <h4 class=\"knsl-mb-20\">Plage des Salines<\/h4>\n    <\/a>\n    <div class=\"knsl-text-light knsl-text-sm\">\n    \t<p>Situ\u00e9e \u00e0 l\u2019extr\u00eame sud de la Martinique, la plage des Salines est l\u2019une des&#8230; <span class=\"knsl-el-more\"><a href=\"https:\/\/suspicious-rhodes.212-227-213-150.plesk.page\/index.php\/2021\/12\/21\/plage-des-salines\/\" class=\"knsl-btn\">Consulter<span class=\"screen-reader-text\">Consulter&nbsp;Plage des Salines<\/span><\/a><\/span><\/p>\n    <\/div>\n  <\/div>\n  <\/div>\n<\/div>\n<!-- blog card end -->\n\n\n\t\t\t\t<\/div>\n\t\t\t\t\t\t\t\t<div class=\"col-md-6 col-lg-4\">\n\n\t\t\t\t\t\n\n\n<!-- blog card -->\n<div class=\"knsl-blog-card knsl-scroll-animation\">\n  <div id=\"post-270\" class=\"post-270 post type-post status-publish format-standard has-post-thumbnail hentry category-excursion tag-decouverte tag-places tag-sea\">\n    <div class=\"knsl-cover-frame\">\n    <a href=\"https:\/\/suspicious-rhodes.212-227-213-150.plesk.page\/index.php\/2021\/10\/20\/the-best-travel-insurance-companies-for-seniors\/\">\n    \t    \t<img decoding=\"async\" src=\"https:\/\/suspicious-rhodes.212-227-213-150.plesk.page\/wp-content\/uploads\/2021\/10\/quad-950x534.webp\" alt=\"Randonn\u00e9e quad en nature\" \/>\n    \t    <\/a>\n\t\t<div class=\"knsl-badge\">\n\t\t\tExcursion\t\t<\/div>\n  <\/div>\n    <div class=\"knsl-description-frame\">\n    <div class=\"knsl-room-features\">\n      <div class=\"knsl-feature knsl-feature-author\">\n                <div class=\"knsl-icon-frame knsl-icon-author\"><img decoding=\"async\" src=\"https:\/\/secure.gravatar.com\/avatar\/4e4dd68a897cc66db0b61b793f99be502ef64b685ebfed92d6ffe5ea4e881007?s=96&#038;d=mm&#038;r=g\" alt=\"admin\" \/><\/div>\n                <span>admin<\/span>\n      <\/div>\n\n      \t  \t<div class=\"knsl-feature knsl-feature-date\">\n        <div class=\"knsl-icon-frame\"><span class=\"img-svg img-svg-time\"><\/span><\/div>\n        <span>octobre 20, 2021<\/span>\n      <\/div>\n\t  \t    <\/div>\n    <a href=\"https:\/\/suspicious-rhodes.212-227-213-150.plesk.page\/index.php\/2021\/10\/20\/the-best-travel-insurance-companies-for-seniors\/\" class=\"knsl-title\">\n      <h4 class=\"knsl-mb-20\">Randonn\u00e9e quad en nature<\/h4>\n    <\/a>\n    <div class=\"knsl-text-light knsl-text-sm\">\n    \t<p>Situ\u00e9 dans la commune des ANSES-D\u2019ARLET, partez \u00e0 l\u2019aventure lors de randonn\u00e9es en quad&#8230; <span class=\"knsl-el-more\"><a href=\"https:\/\/suspicious-rhodes.212-227-213-150.plesk.page\/index.php\/2021\/10\/20\/the-best-travel-insurance-companies-for-seniors\/\" class=\"knsl-btn\">Consulter<span class=\"screen-reader-text\">Consulter&nbsp;Randonn\u00e9e quad en nature<\/span><\/a><\/span><\/p>\n    <\/div>\n  <\/div>\n  <\/div>\n<\/div>\n<!-- blog card end -->\n\n\n\t\t\t\t<\/div>\n\t\t\t\t\t\t\t\t<div class=\"col-md-6 col-lg-4\">\n\n\t\t\t\t\t\n\n\n<!-- blog card -->\n<div class=\"knsl-blog-card knsl-scroll-animation\">\n  <div id=\"post-267\" class=\"post-267 post type-post status-publish format-standard has-post-thumbnail hentry category-plages tag-decouverte tag-sea tag-trip\">\n    <div class=\"knsl-cover-frame\">\n    <a href=\"https:\/\/suspicious-rhodes.212-227-213-150.plesk.page\/index.php\/2021\/10\/20\/plage-grande-anse-darlet-martinique\/\">\n    \t    \t<img decoding=\"async\" src=\"https:\/\/suspicious-rhodes.212-227-213-150.plesk.page\/wp-content\/uploads\/2021\/10\/Grande-Anse-d-Arlet-950x633.jpg\" alt=\"Plage Grande Anse d&#8217;Arlet Martinique\" \/>\n    \t    <\/a>\n\t\t<div class=\"knsl-badge\">\n\t\t\tPlages\t\t<\/div>\n  <\/div>\n    <div class=\"knsl-description-frame\">\n    <div class=\"knsl-room-features\">\n      <div class=\"knsl-feature knsl-feature-author\">\n                <div class=\"knsl-icon-frame knsl-icon-author\"><img decoding=\"async\" src=\"https:\/\/secure.gravatar.com\/avatar\/4e4dd68a897cc66db0b61b793f99be502ef64b685ebfed92d6ffe5ea4e881007?s=96&#038;d=mm&#038;r=g\" alt=\"admin\" \/><\/div>\n                <span>admin<\/span>\n      <\/div>\n\n      \t  \t<div class=\"knsl-feature knsl-feature-date\">\n        <div class=\"knsl-icon-frame\"><span class=\"img-svg img-svg-time\"><\/span><\/div>\n        <span>octobre 20, 2021<\/span>\n      <\/div>\n\t  \t    <\/div>\n    <a href=\"https:\/\/suspicious-rhodes.212-227-213-150.plesk.page\/index.php\/2021\/10\/20\/plage-grande-anse-darlet-martinique\/\" class=\"knsl-title\">\n      <h4 class=\"knsl-mb-20\">Plage Grande Anse d&#8217;Arlet Martinique<\/h4>\n    <\/a>\n    <div class=\"knsl-text-light knsl-text-sm\">\n    \t<p>Situ\u00e9e sur la c\u00f4te sud-ouest de la Martinique, la plage de Grande Anse, aux&#8230; <span class=\"knsl-el-more\"><a href=\"https:\/\/suspicious-rhodes.212-227-213-150.plesk.page\/index.php\/2021\/10\/20\/plage-grande-anse-darlet-martinique\/\" class=\"knsl-btn\">Consulter<span class=\"screen-reader-text\">Consulter&nbsp;Plage Grande Anse d&#8217;Arlet Martinique<\/span><\/a><\/span><\/p>\n    <\/div>\n  <\/div>\n  <\/div>\n<\/div>\n<!-- blog card end -->\n\n\n\t\t\t\t<\/div>\n\t\t\t\t\t\t\t\t<div class=\"col-md-6 col-lg-4\">\n\n\t\t\t\t\t\n\n\n<!-- blog card -->\n<div class=\"knsl-blog-card knsl-scroll-animation\">\n  <div id=\"post-259\" class=\"post-259 post type-post status-publish format-standard has-post-thumbnail hentry category-plages tag-decouverte tag-places tag-sea\">\n    <div class=\"knsl-cover-frame\">\n    <a href=\"https:\/\/suspicious-rhodes.212-227-213-150.plesk.page\/index.php\/2021\/10\/20\/18-easy-steps-for-planning-your-next-trip\/\">\n    \t    \t<img decoding=\"async\" src=\"https:\/\/suspicious-rhodes.212-227-213-150.plesk.page\/wp-content\/uploads\/2021\/10\/photo_AnseFiguier_1-950x713.jpg\" alt=\"Plage de l&#8217;Anse Figuier\" \/>\n    \t    <\/a>\n\t\t<div class=\"knsl-badge\">\n\t\t\tPlages\t\t<\/div>\n  <\/div>\n    <div class=\"knsl-description-frame\">\n    <div class=\"knsl-room-features\">\n      <div class=\"knsl-feature knsl-feature-author\">\n                <div class=\"knsl-icon-frame knsl-icon-author\"><img decoding=\"async\" src=\"https:\/\/secure.gravatar.com\/avatar\/4e4dd68a897cc66db0b61b793f99be502ef64b685ebfed92d6ffe5ea4e881007?s=96&#038;d=mm&#038;r=g\" alt=\"admin\" \/><\/div>\n                <span>admin<\/span>\n      <\/div>\n\n      \t  \t<div class=\"knsl-feature knsl-feature-date\">\n        <div class=\"knsl-icon-frame\"><span class=\"img-svg img-svg-time\"><\/span><\/div>\n        <span>octobre 20, 2021<\/span>\n      <\/div>\n\t  \t    <\/div>\n    <a href=\"https:\/\/suspicious-rhodes.212-227-213-150.plesk.page\/index.php\/2021\/10\/20\/18-easy-steps-for-planning-your-next-trip\/\" class=\"knsl-title\">\n      <h4 class=\"knsl-mb-20\">Plage de l&#8217;Anse Figuier<\/h4>\n    <\/a>\n    <div class=\"knsl-text-light knsl-text-sm\">\n    \t<p>Situ\u00e9e dans la commune de Rivi\u00e8re-Pilote, sur la c\u00f4te sud cara\u00efbe de la Martinique,&#8230; <span class=\"knsl-el-more\"><a href=\"https:\/\/suspicious-rhodes.212-227-213-150.plesk.page\/index.php\/2021\/10\/20\/18-easy-steps-for-planning-your-next-trip\/\" class=\"knsl-btn\">Consulter<span class=\"screen-reader-text\">Consulter&nbsp;Plage de l&#8217;Anse Figuier<\/span><\/a><\/span><\/p>\n    <\/div>\n  <\/div>\n  <\/div>\n<\/div>\n<!-- blog card end -->\n\n\n\t\t\t\t<\/div>\n\t\t\t\t\n\t      \t\t\t\t\t\t<!-- pagination -->\n\t\t\t\t<div class=\"knsl-pagination\">\n\t\t\t\t\t\t\t\t<\/div>\n\t\t\t\t<!-- pagination end -->\n\t\t\t\t\n\t\t\t\t\t    \t\t\n\t    \t<\/div>\n\t\t<\/div>\t<\/section>\n\t<!-- blog end -->\n\n\t\t\t\t\t\t<\/div>\n\t\t\t\t<\/div>\n\t\t\t\t\t<\/div>\n\t\t<\/div>\n\t\t\t\t\t<\/div>\n\t\t<\/section>\n\t\t\t\t<\/div>\n\t\t","protected":false},"excerpt":{"rendered":"<p>Le Guide \u2728 Tous les bons plans et activit\u00e9s sont ici \u2014 il ne&#8230; <span class=\"knsl-el-more\"><a href=\"https:\/\/suspicious-rhodes.212-227-213-150.plesk.page\/index.php\/2021\/10\/20\/18-easy-steps-for-planning-your-next-trip\/\" class=\"knsl-btn\">Consulter<span class=\"screen-reader-text\">Consulter&nbsp;Plage de l&#8217;Anse Figuier<\/span><\/a><\/span><\/p>\n","protected":false},"author":1,"featured_media":0,"parent":0,"menu_order":0,"comment_status":"closed","ping_status":"closed","template":"template-layout-builder.php","meta":{"_acf_changed":false,"_monsterinsights_skip_tracking":false,"_monsterinsights_sitenote_active":false,"_monsterinsights_sitenote_note":"","_monsterinsights_sitenote_category":0,"footnotes":""},"class_list":["post-713","page","type-page","status-publish","hentry"],"acf":[],"aioseo_notices":[],"_links":{"self":[{"href":"https:\/\/suspicious-rhodes.212-227-213-150.plesk.page\/index.php\/wp-json\/wp\/v2\/pages\/713","targetHints":{"allow":["GET"]}}],"collection":[{"href":"https:\/\/suspicious-rhodes.212-227-213-150.plesk.page\/index.php\/wp-json\/wp\/v2\/pages"}],"about":[{"href":"https:\/\/suspicious-rhodes.212-227-213-150.plesk.page\/index.php\/wp-json\/wp\/v2\/types\/page"}],"author":[{"embeddable":true,"href":"https:\/\/suspicious-rhodes.212-227-213-150.plesk.page\/index.php\/wp-json\/wp\/v2\/users\/1"}],"replies":[{"embeddable":true,"href":"https:\/\/suspicious-rhodes.212-227-213-150.plesk.page\/index.php\/wp-json\/wp\/v2\/comments?post=713"}],"version-history":[{"count":25,"href":"https:\/\/suspicious-rhodes.212-227-213-150.plesk.page\/index.php\/wp-json\/wp\/v2\/pages\/713\/revisions"}],"predecessor-version":[{"id":3683,"href":"https:\/\/suspicious-rhodes.212-227-213-150.plesk.page\/index.php\/wp-json\/wp\/v2\/pages\/713\/revisions\/3683"}],"wp:attachment":[{"href":"https:\/\/suspicious-rhodes.212-227-213-150.plesk.page\/index.php\/wp-json\/wp\/v2\/media?parent=713"}],"curies":[{"name":"wp","href":"https:\/\/api.w.org\/{rel}","templated":true}]}}